{"id":1538,"date":"2023-11-25T15:29:17","date_gmt":"2023-11-25T14:29:17","guid":{"rendered":"https:\/\/lineeliel.com\/?page_id=1538"},"modified":"2023-11-25T15:30:04","modified_gmt":"2023-11-25T14:30:04","slug":"confidentialites","status":"publish","type":"page","link":"https:\/\/lineeliel.com\/index.php\/confidentialites\/","title":{"rendered":"Politique de Confidentialit\u00e9 Semence de Vie"},"content":{"rendered":"\n\n\n\n\n\n\n\n<p>Politique de confidentialit\u00e9<\/p>\n\n<p class=\"MsoNormal\"><span style=\"font-family: &quot;Arabic Typesetting&quot;; font-size: 14pt; font-style: inherit; font-variant-ligatures: inherit; font-variant-caps: inherit; font-weight: inherit;\">Veuillez lire l\u2019\/les Politique de confidentialit\u00e9s de\ncette application<\/span><br><\/p><p class=\"MsoNormal\"><span style=\"font-size:14.0pt;line-height:107%;font-family:\n&quot;Arabic Typesetting&quot;\">&nbsp;<\/span><\/p><p class=\"MsoNormal\"><strong><span style=\"font-size:14.0pt;line-height:107%;\nfont-family:&quot;Arabic Typesetting&quot;\">POLITIQUE DE CONFIDENTIALITE POUR\nL&#8217;UTILISATION DE L&#8217;APPLICATION \u00ab&nbsp;SEMENCE DE VIE \u00bb<br><br><o:p><\/o:p><\/span><\/strong><\/p><p class=\"MsoNormal\"><strong><span style=\"font-size:14.0pt;line-height:107%;\nfont-family:&quot;Arabic Typesetting&quot;\">Date d\u2019entr\u00e9e en vigueur<\/span><\/strong><span style=\"font-size:14.0pt;line-height:107%;font-family:&quot;Arabic Typesetting&quot;\"> : La\npr\u00e9sente Politique de confidentialit\u00e9 a \u00e9t\u00e9 r\u00e9vis\u00e9e et entre en vigueur au <strong>24\noctobre 2023<\/strong>.<br><br><o:p><\/o:p><\/span><\/p><p class=\"MsoNormal\"><span style=\"font-size:14.0pt;line-height:107%;font-family:\n&quot;Arabic Typesetting&quot;\">La pr\u00e9sente politique de confidentialit\u00e9 explique comment\nnous utilisons et prot\u00e9geons les informations personnelles des utilisateurs de\nnotre application mobile \u00ab&nbsp;Semence de vie \u00bb. Votre confidentialit\u00e9 est\nd&#8217;une importance capitale pour nous. En utilisant notre application, vous\nacceptez les pratiques d\u00e9crites dans cette politique.<br><br><o:p><\/o:p><\/span><\/p><p class=\"MsoNormal\" style=\"margin-left:36.0pt;text-indent:-18.0pt;mso-list:l0 level1 lfo1;\ntab-stops:list 36.0pt\"><!--[if !supportLists]--><span style=\"font-size:14.0pt;\nline-height:107%;font-family:&quot;Arabic Typesetting&quot;;mso-fareast-font-family:&quot;Arabic Typesetting&quot;\">1.<span style=\"font-variant-numeric: normal; font-variant-east-asian: normal; font-variant-alternates: normal; font-kerning: auto; font-optical-sizing: auto; font-feature-settings: normal; font-variation-settings: normal; font-variant-position: normal; font-stretch: normal; font-size: 7pt; line-height: normal; font-family: &quot;Times New Roman&quot;;\">&nbsp;&nbsp;&nbsp;&nbsp;&nbsp;&nbsp;&nbsp;\n<\/span><\/span><!--[endif]--><strong><span style=\"font-size:14.0pt;line-height:\n107%;font-family:&quot;Arabic Typesetting&quot;\">Collecte d&#8217;informations<\/span><\/strong><span style=\"font-size:14.0pt;line-height:107%;font-family:&quot;Arabic Typesetting&quot;\"><br>\nNous collectons certaines informations personnelles lorsque vous utilisez notre\napplication mobile <strong>\u00ab&nbsp;Semence de vie \u00bb.<\/strong> Ces informations peuvent\ninclure votre nom, votre adresse e-mail, votre num\u00e9ro de t\u00e9l\u00e9phone, les\npodcasts que vous \u00e9coutez, vos pr\u00e9f\u00e9rences de recherche et toutes autres\ninformations que vous choisissez de nous fournir.<br><br><o:p><\/o:p><\/span><\/p><p class=\"MsoNormal\" style=\"margin-left:36.0pt;text-indent:-18.0pt;mso-list:l0 level1 lfo1;\ntab-stops:list 36.0pt\"><!--[if !supportLists]--><span style=\"font-size:14.0pt;\nline-height:107%;font-family:&quot;Arabic Typesetting&quot;;mso-fareast-font-family:&quot;Arabic Typesetting&quot;\">2.<span style=\"font-variant-numeric: normal; font-variant-east-asian: normal; font-variant-alternates: normal; font-kerning: auto; font-optical-sizing: auto; font-feature-settings: normal; font-variation-settings: normal; font-variant-position: normal; font-stretch: normal; font-size: 7pt; line-height: normal; font-family: &quot;Times New Roman&quot;;\">&nbsp;&nbsp;&nbsp;&nbsp;&nbsp;&nbsp;&nbsp;\n<\/span><\/span><!--[endif]--><strong><span style=\"font-size:14.0pt;line-height:\n107%;font-family:&quot;Arabic Typesetting&quot;\">Utilisation des informations<\/span><\/strong><span style=\"font-size:14.0pt;line-height:107%;font-family:&quot;Arabic Typesetting&quot;\"><br>\nNous utilisons les informations collect\u00e9es pour am\u00e9liorer votre exp\u00e9rience\nutilisateur et personnaliser l&#8217;application en fonction de vos pr\u00e9f\u00e9rences. Nous\npouvons \u00e9galement utiliser les informations pour vous envoyer des notifications\nrelatives aux nouveaux \u00e9pisodes de podcast, r\u00e9pondre \u00e0 vos demandes de support\ntechnique et vous envoyer des informations pertinentes concernant notre\napplication.<br><br><o:p><\/o:p><\/span><\/p><p class=\"MsoNormal\" style=\"margin-left:36.0pt;text-indent:-18.0pt;mso-list:l0 level1 lfo1;\ntab-stops:list 36.0pt\"><!--[if !supportLists]--><span style=\"font-size:14.0pt;\nline-height:107%;font-family:&quot;Arabic Typesetting&quot;;mso-fareast-font-family:&quot;Arabic Typesetting&quot;\">3.<span style=\"font-variant-numeric: normal; font-variant-east-asian: normal; font-variant-alternates: normal; font-kerning: auto; font-optical-sizing: auto; font-feature-settings: normal; font-variation-settings: normal; font-variant-position: normal; font-stretch: normal; font-size: 7pt; line-height: normal; font-family: &quot;Times New Roman&quot;;\">&nbsp;&nbsp;&nbsp;&nbsp;&nbsp;&nbsp;&nbsp;\n<\/span><\/span><!--[endif]--><strong><span style=\"font-size:14.0pt;line-height:\n107%;font-family:&quot;Arabic Typesetting&quot;\">Partage des informations<\/span><\/strong><span style=\"font-size:14.0pt;line-height:107%;font-family:&quot;Arabic Typesetting&quot;\"><br>\nNous ne vendons, ne louons ni ne partageons vos informations personnelles avec\ndes tiers, sauf dans les cas suivants :<o:p><\/o:p><\/span><\/p><ul style=\"margin-top:0cm\" type=\"disc\">\n <li class=\"MsoNormal\"><span style=\"font-size:14.0pt;line-height:107%;font-family:&quot;Arabic Typesetting&quot;\"><o:p><\/o:p><\/span><\/li><li><span style=\"font-family: &quot;Arabic Typesetting&quot;; font-size: 14pt; font-style: inherit; font-variant-ligatures: inherit; font-variant-caps: inherit; font-weight: inherit;\">&nbsp; &nbsp; &nbsp; &nbsp; &nbsp; &nbsp; &nbsp; &nbsp; &nbsp; &nbsp; Lorsque\n     vous nous avez donn\u00e9 votre consentement pour le partage de ces\n     informations.<br><br><\/span><\/li>\n <li class=\"MsoNormal\"><span style=\"font-size:14.0pt;line-height:107%;font-family:&quot;Arabic Typesetting&quot;\"><o:p><\/o:p><\/span><\/li><li><span style=\"font-family: &quot;Arabic Typesetting&quot;; font-size: 14pt; font-style: inherit; font-variant-ligatures: inherit; font-variant-caps: inherit; font-weight: inherit;\">&nbsp; &nbsp; &nbsp; &nbsp; &nbsp; &nbsp; &nbsp; &nbsp; &nbsp; &nbsp; Lorsque\n     le partage est n\u00e9cessaire pour fournir un service que vous avez demand\u00e9.<br><br><\/span><\/li>\n <li class=\"MsoNormal\"><span style=\"font-size:14.0pt;line-height:107%;font-family:&quot;Arabic Typesetting&quot;\">&nbsp; &nbsp; &nbsp; &nbsp; &nbsp; &nbsp; &nbsp; &nbsp; &nbsp; &nbsp; Lorsque\n     cela est requis par la loi ou dans le cadre d&#8217;une proc\u00e9dure l\u00e9gale.<br><br><o:p><\/o:p><\/span><\/li>\n<\/ul><p class=\"MsoNormal\" style=\"margin-left:36.0pt;text-indent:-18.0pt;mso-list:l1 level1 lfo3;\ntab-stops:list 36.0pt\"><!--[if !supportLists]--><span style=\"font-size:14.0pt;\nline-height:107%;font-family:&quot;Arabic Typesetting&quot;;mso-fareast-font-family:&quot;Arabic Typesetting&quot;\">4.<span style=\"font-variant-numeric: normal; font-variant-east-asian: normal; font-variant-alternates: normal; font-kerning: auto; font-optical-sizing: auto; font-feature-settings: normal; font-variation-settings: normal; font-variant-position: normal; font-stretch: normal; font-size: 7pt; line-height: normal; font-family: &quot;Times New Roman&quot;;\">&nbsp;&nbsp;&nbsp;&nbsp;&nbsp;&nbsp;&nbsp;\n<\/span><\/span><!--[endif]--><strong><span style=\"font-size:14.0pt;line-height:\n107%;font-family:&quot;Arabic Typesetting&quot;\">S\u00e9curit\u00e9 des informations<\/span><\/strong><span style=\"font-size:14.0pt;line-height:107%;font-family:&quot;Arabic Typesetting&quot;\"><br>\nNous mettons en place des mesures de s\u00e9curit\u00e9 pour prot\u00e9ger vos informations\npersonnelles contre tout acc\u00e8s non autoris\u00e9, toute utilisation abusive ou toute\ndivulgation. Cependant, veuillez noter qu&#8217;aucune m\u00e9thode de transmission sur\ninternet ou de stockage \u00e9lectronique n&#8217;est totalement s\u00e9curis\u00e9e. Nous ne\npouvons donc garantir une s\u00e9curit\u00e9 absolue des informations.<br><br><o:p><\/o:p><\/span><\/p><p class=\"MsoNormal\" style=\"margin-left:36.0pt;text-indent:-18.0pt;mso-list:l1 level1 lfo3;\ntab-stops:list 36.0pt\"><!--[if !supportLists]--><span style=\"font-size:14.0pt;\nline-height:107%;font-family:&quot;Arabic Typesetting&quot;;mso-fareast-font-family:&quot;Arabic Typesetting&quot;\">5.<span style=\"font-variant-numeric: normal; font-variant-east-asian: normal; font-variant-alternates: normal; font-kerning: auto; font-optical-sizing: auto; font-feature-settings: normal; font-variation-settings: normal; font-variant-position: normal; font-stretch: normal; font-size: 7pt; line-height: normal; font-family: &quot;Times New Roman&quot;;\">&nbsp;&nbsp;&nbsp;&nbsp;&nbsp;&nbsp;&nbsp;\n<\/span><\/span><!--[endif]--><strong><span style=\"font-size:14.0pt;line-height:\n107%;font-family:&quot;Arabic Typesetting&quot;\">Cookies<\/span><\/strong><span style=\"font-size:14.0pt;line-height:107%;font-family:&quot;Arabic Typesetting&quot;\"><br>\nNotre application peut utiliser des cookies pour am\u00e9liorer votre exp\u00e9rience\nutilisateur. Les cookies sont de petits fichiers stock\u00e9s sur votre appareil\npour nous aider \u00e0 collecter des informations sur la fr\u00e9quence d&#8217;utilisation et\nles pr\u00e9f\u00e9rences de nos utilisateurs. Vous pouvez d\u00e9sactiver les cookies dans\nles param\u00e8tres de votre appareil, mais cela peut affecter certaines\nfonctionnalit\u00e9s de l&#8217;application.<o:p><\/o:p><\/span><\/p><p class=\"MsoNormal\" align=\"right\" style=\"text-align:right\"><br><\/p><p class=\"MsoNormal\"><span style=\"font-size:14.0pt;line-height:107%;font-family:\n&quot;Arabic Typesetting&quot;\">&nbsp;<\/span><\/p><p class=\"MsoNormal\" style=\"margin-left:36.0pt;text-indent:-18.0pt;mso-list:l1 level1 lfo3;\ntab-stops:list 36.0pt\"><!--[if !supportLists]--><span style=\"font-size:14.0pt;\nline-height:107%;font-family:&quot;Arabic Typesetting&quot;;mso-fareast-font-family:&quot;Arabic Typesetting&quot;\">6.<span style=\"font-variant-numeric: normal; font-variant-east-asian: normal; font-variant-alternates: normal; font-kerning: auto; font-optical-sizing: auto; font-feature-settings: normal; font-variation-settings: normal; font-variant-position: normal; font-stretch: normal; font-size: 7pt; line-height: normal; font-family: &quot;Times New Roman&quot;;\">&nbsp;&nbsp;&nbsp;&nbsp;&nbsp;&nbsp;&nbsp;\n<\/span><\/span><!--[endif]--><strong><span style=\"font-size:14.0pt;line-height:\n107%;font-family:&quot;Arabic Typesetting&quot;\">Modifications de la politique de\nconfidentialit\u00e9<\/span><\/strong><span style=\"font-size:14.0pt;line-height:107%;\nfont-family:&quot;Arabic Typesetting&quot;\"><br>\nNous nous r\u00e9servons le droit de modifier la pr\u00e9sente politique de\nconfidentialit\u00e9 \u00e0 tout moment. Toute modification sera publi\u00e9e sur cette page\net la date de r\u00e9vision sera indiqu\u00e9e en haut de la page. Il vous est conseill\u00e9\nde consulter r\u00e9guli\u00e8rement cette politique pour rester inform\u00e9 des \u00e9ventuelles\nmodifications.<br><br><o:p><\/o:p><\/span><\/p><p class=\"MsoNormal\" style=\"margin-left:36.0pt;text-indent:-18.0pt;mso-list:l1 level1 lfo3;\ntab-stops:list 36.0pt\"><!--[if !supportLists]--><span style=\"font-size:14.0pt;\nline-height:107%;font-family:&quot;Arabic Typesetting&quot;;mso-fareast-font-family:&quot;Arabic Typesetting&quot;\">7.<span style=\"font-variant-numeric: normal; font-variant-east-asian: normal; font-variant-alternates: normal; font-kerning: auto; font-optical-sizing: auto; font-feature-settings: normal; font-variation-settings: normal; font-variant-position: normal; font-stretch: normal; font-size: 7pt; line-height: normal; font-family: &quot;Times New Roman&quot;;\">&nbsp;&nbsp;&nbsp;&nbsp;&nbsp;&nbsp;&nbsp;\n<\/span><\/span><!--[endif]--><strong><span style=\"font-size:14.0pt;line-height:\n107%;font-family:&quot;Arabic Typesetting&quot;\">Consentement<\/span><\/strong><span style=\"font-size:14.0pt;line-height:107%;font-family:&quot;Arabic Typesetting&quot;\"><br>\nEn utilisant notre application mobile \u00ab&nbsp;Semence de vie \u00bb, vous consentez \u00e0\nla collecte, l&#8217;utilisation et la conservation de vos informations personnelles\nselon les termes de cette politique de confidentialit\u00e9.<br><br><o:p><\/o:p><\/span><\/p><p class=\"MsoNormal\"><span style=\"font-size:14.0pt;line-height:107%;font-family:\n&quot;Arabic Typesetting&quot;\">\n\n\n\n\n\n\n\n\n\n\n\n\n\n\n\n\n\n\n\n\n\n\n\n\n\n\n\n\n\n<o:p><\/o:p><\/span><\/p><p class=\"MsoNormal\"><span style=\"font-size:14.0pt;line-height:107%;font-family:\n&quot;Arabic Typesetting&quot;\">Si vous avez des questions ou des pr\u00e9occupations\nconcernant notre politique de confidentialit\u00e9, veuillez nous contacter au <strong><span style=\"color:#BF8F00;mso-themecolor:accent4;mso-themeshade:191\">+229 94-007-777\n\/ <\/span><\/strong><\/span><a href=\"mailto:contact@lineeliel.com\"><strong><span style=\"font-size:14.0pt;line-height:107%;font-family:&quot;Arabic Typesetting&quot;;\ncolor:#BF8F00;mso-themecolor:accent4;mso-themeshade:191\">contact@lineeliel.com<\/span><\/strong><\/a><strong><span style=\"font-size:14.0pt;line-height:107%;font-family:&quot;Arabic Typesetting&quot;;\ncolor:#BF8F00;mso-themecolor:accent4;mso-themeshade:191\"> \/ <\/span><\/strong><a href=\"http:\/\/www.lineeliel.com\/\"><strong><span style=\"font-size:14.0pt;line-height:\n107%;font-family:&quot;Arabic Typesetting&quot;;color:#BF8F00;mso-themecolor:accent4;\nmso-themeshade:191\">www.lineeliel.com<\/span><\/strong><\/a><span style=\"font-size:\n14.0pt;line-height:107%;font-family:&quot;Arabic Typesetting&quot;;color:#BF8F00;\nmso-themecolor:accent4;mso-themeshade:191\"> <\/span><span style=\"font-size:14.0pt;\nline-height:107%;font-family:&quot;Arabic Typesetting&quot;\">.<o:p><\/o:p><\/span><\/p>\n\n\n\n\n\n\n\n","protected":false},"excerpt":{"rendered":"","protected":false},"author":1,"featured_media":0,"parent":0,"menu_order":0,"comment_status":"closed","ping_status":"closed","template":"","meta":{"footnotes":""},"_links":{"self":[{"href":"https:\/\/lineeliel.com\/index.php\/wp-json\/wp\/v2\/pages\/1538"}],"collection":[{"href":"https:\/\/lineeliel.com\/index.php\/wp-json\/wp\/v2\/pages"}],"about":[{"href":"https:\/\/lineeliel.com\/index.php\/wp-json\/wp\/v2\/types\/page"}],"author":[{"embeddable":true,"href":"https:\/\/lineeliel.com\/index.php\/wp-json\/wp\/v2\/users\/1"}],"replies":[{"embeddable":true,"href":"https:\/\/lineeliel.com\/index.php\/wp-json\/wp\/v2\/comments?post=1538"}],"version-history":[{"count":3,"href":"https:\/\/lineeliel.com\/index.php\/wp-json\/wp\/v2\/pages\/1538\/revisions"}],"predecessor-version":[{"id":1551,"href":"https:\/\/lineeliel.com\/index.php\/wp-json\/wp\/v2\/pages\/1538\/revisions\/1551"}],"wp:attachment":[{"href":"https:\/\/lineeliel.com\/index.php\/wp-json\/wp\/v2\/media?parent=1538"}],"curies":[{"name":"wp","href":"https:\/\/api.w.org\/{rel}","templated":true}]}}