{"id":327,"date":"2022-04-26T19:43:32","date_gmt":"2022-04-26T17:43:32","guid":{"rendered":"https:\/\/lineeliel.com\/index.php\/about\/"},"modified":"2022-06-06T10:54:56","modified_gmt":"2022-06-06T08:54:56","slug":"about","status":"publish","type":"page","link":"https:\/\/lineeliel.com\/index.php\/about\/","title":{"rendered":"About"},"content":{"rendered":"\n\n\nA Propos de moi\n\n\n\n\n\nHello,\n<p style=\"color: #000;\">\nMoi c&#8217;est Line ELIEL.<\/span><\/p>\n\n<p style=\"color: #000;\">\nJe suis \u00c9pouse \u00e9panouie et m\u00e8re heureuse, coach, mentore, conf\u00e9renci\u00e8re en leadership &#038; entrepreneuriat, Fondatrice de Nouvelle Vie, une \u00e9cole de transformation r\u00e9elle des femmes et m\u00eame des hommes, auteur et motivatrice. \nMa mission est d&#8217;accompagner les gens dans leur transformation r\u00e9elle et dans l\u2019accomplissement de leur pleine destin\u00e9e.\n<\/span><\/p>\n\n\n\n\nQui suis-je?\n\n<p><span style=\"font-size: 16px;\">Femme multidimensionnelle, passionn\u00e9e de la parole de Dieu, je donne des messages qui challenge et transforme la vie de mes auditeurs. Depuis mon jeune \u00e2ge j\u2019ai d\u00e9cid\u00e9 d\u2019\u00eatre une femme qui marque sa g\u00e9n\u00e9ration et aujourd\u2019hui je trouve mon plaisir \u00e0 former des hommes et des femmes pour d\u00e9couvrir leur identit\u00e9, d\u00e9ployer leur potentiel et connaitre les principes du succ\u00e8s et les lois qui r\u00e9gissent les finances.<\/span><\/p><span style=\"font-size: 1px;\"><br><\/span><p><span style=\"font-size: 16px;\">Je suis aujourd\u2019hui l\u2019une des coachs africaines les plus suivies gr\u00e2ce \u00e0 mon approche tout \u00e0 fait particuli\u00e8re. Je suis arriv\u00e9e \u00e0 briser les limites du d\u00e9veloppement personnel et mes sessions sont ponctu\u00e9es d\u2019activit\u00e9s pratiques. Avant d\u2019en arriver l\u00e0 j\u2019\u00e9tais juste une femme assoiff\u00e9e de connaissance et qui voulait vivre de fa\u00e7on authentique et impactante.<\/span><\/p>\n\n\n\n\n\n\n\n\n\n\n\n\n\n\n\n\n\n\n\n\n\n\n\n\n\n\n\nComment ai-je atterri dans la sc\u00e8ne digitale?\n\n<p><span style=\"font-size: 14px;\">Depuis l&#8217;universit\u00e9 j&#8217;ai d\u00e9couvert que j&#8217;avais une passion pour communiquer avec mes comparses. Je faisais des petites s\u00e9ances de motivation et d&#8217;orientation. J&#8217;\u00e9tais tr\u00e8s d\u00e9vou\u00e9e et cela m&#8217;a propuls\u00e9 dans le Marketing relationnel o\u00f9 j&#8217;allais faire mes premiers millions.<\/span><\/p><span style=\"font-size: 13px;\"><br><\/span><p><span style=\"font-size: 14px;\">J&#8217;ai perdu ces millions aussi vite que je les ai gagn\u00e9 et c&#8217;est l\u00e0 que j&#8217;ai tout compris\ud83d\udc49 C&#8217;est de la racine que vient les fruits, c&#8217;est le monde int\u00e9rieur qui cr\u00e9e le monde ext\u00e9rieur.<\/span><\/p><span style=\"font-size: 13px;\"><br><\/span><p><span style=\"font-size: 14px;\">Je me suis alors lanc\u00e9 \u00e0 fond dans ma formation personnelle pour reb\u00e2tir les fondements de ma vie.<\/span><\/p><span style=\"font-size: 13px;\"><br><\/span><p><span style=\"font-size: 14px;\">J&#8217;ai commenc\u00e9 \u00e0 enseigner ces m\u00eames principes au sein d&#8217;une \u00e9cole que j&#8217;ai lanc\u00e9 en pr\u00e9sentiel pendant 4ans.<\/span><\/p><span style=\"font-size: 13px;\"><br><\/span><p><span style=\"font-size: 14px;\">Toujours dans la qu\u00eate du savoir, je me suis inscrite \u00e0 une formation en ligne de coaching et j&#8217;ai d\u00e9couvert que c&#8217;\u00e9tait le m\u00eame contenu que mon \u00e9cole.<\/span><\/p><span style=\"font-size: 13px;\"><br><\/span><p><span style=\"font-size: 14px;\">Le voile s&#8217;est \u00f4t\u00e9. Ce m\u00eame programme que j&#8217;offrais sur place, des milliers de femmes peuvent donc en b\u00e9n\u00e9ficier sans que je ne me d\u00e9place !<\/span><\/p><span style=\"font-size: 13px;\"><br><\/span><p><span style=\"font-size: 14px;\">J&#8217;ai cherch\u00e9 de l&#8217;aide et je me suis positionn\u00e9 en plein c\u0153ur du Covid en 2020 pour apporter ma pierre \u00e0 l&#8217;\u00e9panouissement de la femme.<\/span><\/p><span style=\"font-size: 13px;\"><br><\/span><p><span style=\"font-size: 14px;\">D&#8217;autres programmes seront bient\u00f4t disponibles pour votre transformation.<\/span><\/p><span style=\"font-size: 13px;\"><br><\/span><p><span style=\"font-size: 14px;\">Vous \u00eates privil\u00e9gi\u00e9 de me conna\u00eetre parce que je suis v\u00e9ritablement passionn\u00e9e par ce que je fais et je suis aujourd&#8217;hui une experte dans la motivation, la Gu\u00e9rison int\u00e9rieure, le mariage, le leadership.<\/span><\/p><span style=\"font-size: 13px;\"><br><\/span><p><span style=\"font-size: 14px;\">Je vous attends pour une consultation fracassante.<\/span><\/p>\n\n\n\n\n\nPourquoi tu dois te lancer \u00e0 ton tour?\n\n<p><span style=\"font-size: 18px;\">Parce que Dieu ne cr\u00e9\u00e9 rien pour le hasard. Il y a en toi des potentiels illimit\u00e9s dont le monde attend la manifestation. Tu dois t\u2019engager dans la voie de la maturit\u00e9, de l\u2019excellence et de l\u2019impact.<\/span><\/p><span style=\"font-size: 14px;\"><br><\/span><p><span style=\"font-size: 18px;\">Tu as des vies qui sont rattach\u00e9es \u00e0 la tienne. Lorsque ta lumi\u00e8re va briller tu permettras \u00e0 des milliers de vie de retrouver leur splendeur. Ne laisse pas les mensonges du monde te fait croire que ta vie ne compte pas.<br><\/span><br><p><span style=\"font-size: 18px;\">Sois d\u00e9termin\u00e9 et d\u00e9cid\u00e9 \u00e0 r\u00e9ussir. Ce ne sera pas facile tout le temps, mais ce qui te soutiendra, est ta d\u00e9termination.<br><\/span>\n\n\n\n\n\n\n\n\n\n\n\n\nDes vies transform\u00e9es\n\n\n\n\n\n\n\n\n\n\n\n\n\n\n\n\n\n\n\nT\u00e9moignages\n\n\n\n\n\n\n\n\n\n\n\n\n\n\n\n\n\n\n\n\n\n\n\n\n\n\n\n\n\n\n\n\n\n\n\n\n\n\n\n\n\n\n\n\n\n\n\n\n\n\n\n\n\n\n\n\n\n\n\n\n\n\n\n\n\n\n\n\n\n\n\n\n\n\n\n\n\n\n\n\n\n\n\n\n\n\n\n\n\n\n\n\n\n\n\n\n\n\nPar o\u00f9 commencer?\nLe chemin le plus court pour atteindre le succ\u00e8s est l\u2019objectivit\u00e9. Pour r\u00e9ussir dans la vie et \u00eatre compt\u00e9 parmi les vainqueurs, vous devez \u00eatre objectif. \nNe vous focaliser pas sur toutes les choses dans la vie.\nLe chemin le plus court pour atteindre le succ\u00e8s est l\u2019objectivit\u00e9. Pour r\u00e9ussir dans la vie et \u00eatre compt\u00e9 parmi les vainqueurs, vous devez \u00eatre objectif. \nPour commencer, garde ton c\u0153ur fix\u00e9 sur ton but. Quelque soit ce qui peut arriver entre le commencement et la destination finale, tu dois refuser de te laisser distraire.\nTu dois \u00e9tablir un objectif \u00e0 poursuivre. Sans objectif, rien d\u2019important ne peut s\u2019accomplir. Nous pouvons t\u2019aider \u00e0 y arriver.\n\n\n\n\n\n","protected":false},"excerpt":{"rendered":"","protected":false},"author":1,"featured_media":0,"parent":0,"menu_order":0,"comment_status":"closed","ping_status":"closed","template":"","meta":{"footnotes":""},"_links":{"self":[{"href":"https:\/\/lineeliel.com\/index.php\/wp-json\/wp\/v2\/pages\/327"}],"collection":[{"href":"https:\/\/lineeliel.com\/index.php\/wp-json\/wp\/v2\/pages"}],"about":[{"href":"https:\/\/lineeliel.com\/index.php\/wp-json\/wp\/v2\/types\/page"}],"author":[{"embeddable":true,"href":"https:\/\/lineeliel.com\/index.php\/wp-json\/wp\/v2\/users\/1"}],"replies":[{"embeddable":true,"href":"https:\/\/lineeliel.com\/index.php\/wp-json\/wp\/v2\/comments?post=327"}],"version-history":[{"count":33,"href":"https:\/\/lineeliel.com\/index.php\/wp-json\/wp\/v2\/pages\/327\/revisions"}],"predecessor-version":[{"id":961,"href":"https:\/\/lineeliel.com\/index.php\/wp-json\/wp\/v2\/pages\/327\/revisions\/961"}],"wp:attachment":[{"href":"https:\/\/lineeliel.com\/index.php\/wp-json\/wp\/v2\/media?parent=327"}],"curies":[{"name":"wp","href":"https:\/\/api.w.org\/{rel}","templated":true}]}}