{"id":328,"date":"2022-04-26T19:43:32","date_gmt":"2022-04-26T17:43:32","guid":{"rendered":"https:\/\/lineeliel.com\/index.php\/home\/"},"modified":"2022-06-07T01:18:04","modified_gmt":"2022-06-06T23:18:04","slug":"home","status":"publish","type":"page","link":"https:\/\/lineeliel.com\/","title":{"rendered":"Home"},"content":{"rendered":"\n\n\n\n\n\nAudio <span style=\"color:#ff9900;\">gratuit<\/span> pour te propulser dans ta destin\u00e9e !\n\n<p><span style=\"font-size: 14px;\">\n\u00c9coute ce contenu audio qui te donnera les cl\u00e9s n\u00e9cessaires pour devenir celle que tu es appel\u00e9e \u00e0 \u00eatre !\n.<\/span><\/p><span style=\"font-size: 14px;\"><\/span>\n\n\n\n\n\n\n\n\n\n\n\nBESOIN DE RENA\u00ceTRE DE SES CENDRES ?\nResplendir, c&#8217;est possible !\n\nG\u00e9n\u00e9ralement le lot de probl\u00e8mes que nous avons ne refl\u00e8te souvent que le sommet de l&#8217;iceberg. La v\u00e9ritable source c&#8217;est la fondation.<br><br>C&#8217;est notre sp\u00e9cialit\u00e9 !<br><br>Votre vie est semblable \u00e0 un \u00e9difice, \u00e0 une b\u00e2tisse qui se construit au fil des ann\u00e9es \u00e0 travers la qualit\u00e9 des personnes influentes que vous laissez entrer dans votre vie. <br><br>Prend une consultation avec nous afin d&#8217;enclencher ta saison d&#8217;accomplissement\n\n\n\n\n\n\n\n\n\nLine Eliel\n<p><span style=\"font-size: 16px; color: rgb(89, 89, 89);\">Je suis \u00c9pouse \u00e9panouie et m\u00e8re heureuse, coach, mentore, conf\u00e9renci\u00e8re en leadership &#038; entrepreneuriat, Fondatrice de Nouvelle Vie, une \u00e9cole de transformation r\u00e9elle des femmes, auteur et motivatrice. \nMa mission est d&#8217;aider les personnes \u00e9panouies dans leur vie et accomplissant leur pleine destin\u00e9e.<\/span><\/p><span style=\"font-size: 16px; color: rgb(89, 89, 89);\"><br><\/span><p><span style=\"font-size: 16px; color: rgb(89, 89, 89);\">Je suis une femme multidimensionnelle, passionn\u00e9e de la parole de Dieu, je donne des messages qui challenge et transforme la vie de mes auditeurs. Depuis mon jeune \u00e2ge j\u2019ai d\u00e9cid\u00e9 d\u2019\u00eatre une femme qui marque sa g\u00e9n\u00e9ration et aujourd\u2019hui je trouve mon plaisir \u00e0 former des hommes et des femmes pour d\u00e9couvrir leur identit\u00e9, d\u00e9ployer leur potentiel et connaitre les principes du succ\u00e8s et les lois qui r\u00e9gissent les finances.<\/span><\/p><span style=\"font-size: 16px; color: rgb(89, 89, 89);\"><br><\/span><p><span style=\"font-size: 16px; color: rgb(89, 89, 89);\">Par la gr\u00e2ce de Dieu je touche par mon coaching les domaines sensibles comme le mariage et la vie relationnelle et beaucoup de couples et de vie ont \u00e9t\u00e9 restaur\u00e9 par notre accompagnement singulier qui prend en compte tous les aspects de votre vie.<\/span><\/p><span style=\"font-size: 16px; color: rgb(89, 89, 89);\"><br><\/span><p><span style=\"font-size: 16px; color: rgb(89, 89, 89);\">Je suis aujourd\u2019hui l\u2019une des coachs africaines les plus suivies gr\u00e2ce \u00e0 mon approche tout \u00e0 fait particuli\u00e8re. Je suis arriv\u00e9e \u00e0 briser les limites du d\u00e9veloppement personnel et mes sessions sont ponctu\u00e9es d\u2019activit\u00e9s pratiques. Avant d\u2019en arriver l\u00e0 j\u2019\u00e9tais juste une femme assoiff\u00e9e de connaissance et qui voulait vivre de fa\u00e7on authentique et impactante.<\/span><\/p>\n\n\n\n\n\n\n\n\n\n\n\n\n\n\n\n\n\n\n\n\n<h2>Working Hours<\/h2>\n<p style=\"text-align: center; \">Nous sommes disponible tous les jours de la semaine \u00e0 l&#8217;exception du dimanche.<\/p>\n\n\n<h2>Lun au Ven<\/h2>\n\n\n\n\n\n\n\n\n\n\n\n<h2>9:00 &#8211; 18:00<\/h2>\n\n\n<h2>Sam<\/h2>\n\n\n\n\n\n\n\n\n\n\n\n<h2>9:00 &#8211; 18:00<\/h2>\n\n\n<h2>Dim<\/h2>\n\n<h2>Ferm\u00e9<\/h2>\n\n\n\n\n","protected":false},"excerpt":{"rendered":"","protected":false},"author":1,"featured_media":0,"parent":0,"menu_order":0,"comment_status":"closed","ping_status":"closed","template":"","meta":{"footnotes":""},"_links":{"self":[{"href":"https:\/\/lineeliel.com\/index.php\/wp-json\/wp\/v2\/pages\/328"}],"collection":[{"href":"https:\/\/lineeliel.com\/index.php\/wp-json\/wp\/v2\/pages"}],"about":[{"href":"https:\/\/lineeliel.com\/index.php\/wp-json\/wp\/v2\/types\/page"}],"author":[{"embeddable":true,"href":"https:\/\/lineeliel.com\/index.php\/wp-json\/wp\/v2\/users\/1"}],"replies":[{"embeddable":true,"href":"https:\/\/lineeliel.com\/index.php\/wp-json\/wp\/v2\/comments?post=328"}],"version-history":[{"count":89,"href":"https:\/\/lineeliel.com\/index.php\/wp-json\/wp\/v2\/pages\/328\/revisions"}],"predecessor-version":[{"id":1017,"href":"https:\/\/lineeliel.com\/index.php\/wp-json\/wp\/v2\/pages\/328\/revisions\/1017"}],"wp:attachment":[{"href":"https:\/\/lineeliel.com\/index.php\/wp-json\/wp\/v2\/media?parent=328"}],"curies":[{"name":"wp","href":"https:\/\/api.w.org\/{rel}","templated":true}]}}