{"id":976,"date":"2022-04-26T19:43:32","date_gmt":"2022-04-26T17:43:32","guid":{"rendered":"https:\/\/lineeliel.com\/?page_id=976"},"modified":"2022-06-07T00:49:32","modified_gmt":"2022-06-06T22:49:32","slug":"ebooks","status":"publish","type":"page","link":"https:\/\/lineeliel.com\/index.php\/ebooks\/","title":{"rendered":"eBooks"},"content":{"rendered":"\n\n\nNos eBooks\n\n\n\n\n\n\n\n\n\n\n\n\n\n\n\n\n\n\n\n\n\n\n\n\n\n\n\n\n\n\n\n\n\nVaincre la peur\nD\u00e9couvrez dans ce livre offert les cl\u00e9s pour vaincre la peur.\n<p>La peur est un sentiment d\u2019angoisse \u00e9prouv\u00e9 en pr\u00e9sence d\u2019un danger r\u00e9el ou suppos\u00e9. C\u2019est une \nanxi\u00e9t\u00e9 s\u00e9v\u00e8re continue qui se r\u00e9percute sur les activit\u00e9s quotidiennes. C\u2019est un \u00e9tat d\u2019\u00e2me qui vous \nparalyse et vous emp\u00eache de r\u00e9aliser les desseins de Dieu pour votre vie. Elle vous immobilise au \npoint o\u00f9 vous ne pouvez jamais passer \u00e0 l\u2019action sur vos r\u00eaves. Elle vous conduit \u00e0 trouver tout le \ntemps des excuses ou des personnes responsables de ce qui vous arrive. Elle cr\u00e9e une atmosph\u00e8re \nfavorable \u00e0 l\u2019ennemi pour qu\u2019il ex\u00e9cute son plan machiav\u00e9lique dans votre vie.<\/p>\n\n\n\n\n\n\n\n\n\n\nVaincre par les Pens\u00e9es\nD\u00e9couvrez dans ce livre offert les cl\u00e9s pour vaincre par les pens\u00e9es.\n<p>En Esa\u00efe 55 :8, le Seigneur dit : Car mes pens\u00e9es ne sont pas vos pens\u00e9es, et mes \nvoies ne sont pas vos voies. Peu importe ce que nous pensons, Dieu a mis ses \npens\u00e9es par \u00e9crit dans son livre, la Bible. Nous devons comparer nos pens\u00e9es \u00e0 la \nParole de Dieu, en acceptant de les soumettre aux siennes, sachant qu\u2019elles sont bien meilleures.<\/p>\n<p>C\u2019est exactement ce que dit 2 Corinthiens10 :4-5 \u00ab Examinez le contenu de vos pens\u00e9es. Si elles ne sont pas en accord avec celles de Dieu, chassez-les et appliquez-vous aux siennes \u00bb<\/p>\n\n\n\n\n\n\n\n\n\n\n\n\n\n\n\n\n\n\n\n\n\n\n\n\n\n\n\n\n\n\n\n\n\n\nRedresser enfin la barre de la confiance en soi\nD\u00e9couvrez dans ce livre offert les cl\u00e9s pour d\u00e9velopper votre confiance en soi.\n<p>La confiance en soi repose sur l\u2019analyse personnelle, sa propre introspection du diff\u00e9rentiel entre \n\u00ab la personne que je pense \u00eatre \u00bb et \u00ab celle que je r\u00eave d\u2019\u00eatre \u00bb. Plus l\u2019\u00e9cart est important, moins forte est la confiance en soi.<\/p><br>\n<p>Il est primordial de d\u00e9tecter les domaines dans lesquels vous avez des lacunes et de chercher \u00e0 \ncombler les vides par des formations sp\u00e9cifiques.<\/p><br>\n<p>Pour gagner en confiance, faites l\u2019exp\u00e9rience de sortir progressivement de votre zone de \nconfort qui vous donne une illusion de stabilit\u00e9.<\/p>\n\n\n\n\n\n\n\n\n\n\n\n\n\n\n\n\n\n\n\n\n\n\n\n\n\n\n\n\n\n\n\n\n","protected":false},"excerpt":{"rendered":"","protected":false},"author":1,"featured_media":0,"parent":0,"menu_order":0,"comment_status":"closed","ping_status":"closed","template":"","meta":{"footnotes":""},"_links":{"self":[{"href":"https:\/\/lineeliel.com\/index.php\/wp-json\/wp\/v2\/pages\/976"}],"collection":[{"href":"https:\/\/lineeliel.com\/index.php\/wp-json\/wp\/v2\/pages"}],"about":[{"href":"https:\/\/lineeliel.com\/index.php\/wp-json\/wp\/v2\/types\/page"}],"author":[{"embeddable":true,"href":"https:\/\/lineeliel.com\/index.php\/wp-json\/wp\/v2\/users\/1"}],"replies":[{"embeddable":true,"href":"https:\/\/lineeliel.com\/index.php\/wp-json\/wp\/v2\/comments?post=976"}],"version-history":[{"count":8,"href":"https:\/\/lineeliel.com\/index.php\/wp-json\/wp\/v2\/pages\/976\/revisions"}],"predecessor-version":[{"id":1013,"href":"https:\/\/lineeliel.com\/index.php\/wp-json\/wp\/v2\/pages\/976\/revisions\/1013"}],"wp:attachment":[{"href":"https:\/\/lineeliel.com\/index.php\/wp-json\/wp\/v2\/media?parent=976"}],"curies":[{"name":"wp","href":"https:\/\/api.w.org\/{rel}","templated":true}]}}